{"id":2073,"date":"2019-08-27T15:13:50","date_gmt":"2019-08-27T18:13:50","guid":{"rendered":"http:\/\/fleitas.com.uy\/?page_id=2073"},"modified":"2026-02-24T14:48:39","modified_gmt":"2026-02-24T17:48:39","slug":"contact","status":"publish","type":"page","link":"https:\/\/fleitas.com.uy\/en\/contact\/","title":{"rendered":"Contact"},"content":{"rendered":"<div class=\"wpb-content-wrapper\">[vc_row gap=&#8221;30&#8243; remove_bottom_col_margin=&#8221;true&#8221; css=&#8221;.vc_custom_1562004696231{padding-top: 85px !important;padding-bottom: 75px !important;}&#8221; el_class=&#8221;contacto&#8221;][vc_column width=&#8221;1\/2&#8243;]<style>.vcex-heading.vcex_69e28ee304a40{font-size:2.5em;}@media (max-width:959px){.vcex-heading.vcex_69e28ee304a40{font-size:2em;}}@media (max-width:479px){.vcex-heading.vcex_69e28ee304a40{font-size:1.6em;}}<\/style><h2 class=\"vcex-heading vcex-heading-plain vcex-module wpex-heading wpex-text-2xl vc_custom_1562004752977 con-lineas der vcex_69e28ee304a40\"><span class=\"vcex-heading-inner wpex-inline-block\">Contact details<\/span><\/h2>[vc_empty_space height=&#8221;30px&#8221;][vc_column_text]Contact us using any of these means or complete the form to send us a message directly. We will reply within our office hours.[\/vc_column_text][vc_empty_space height=&#8221;30px&#8221;]<style>.vcex-list_item.vcex_69e28ee306c75 .vcex-list-item-icon-inner{color:#da251e;}<\/style><div class=\"vcex-list_item vcex-module wpex-m-0 wpex-max-w-100 wpex-mb-5 vcex_69e28ee306c75\"><a href=\"tel:5982912986\" class=\"vcex-list-item-link wpex-no-underline\"><div class=\"vcex-list-item-inner wpex-inline-flex wpex-flex-no-wrap\"><div class=\"vcex-list-item-icon wpex-mr-10\"><div class=\"vcex-list-item-icon-inner vcex-icon-wrap wpex-inline-flex wpex-justify-center wpex-items-center wpex-leading-none wpex-child-inherit-color\"><span class=\"wpex-icon--w vc-oi vc-oi-mobile\" aria-hidden=\"true\"><\/span><\/div><\/div><div class=\"vcex-list-item-text vcex-content wpex-flex-grow\">(+598) 2915 2986<\/div><\/div><\/a><\/div><style>.vcex-list_item.vcex_69e28ee30b5c3 .vcex-list-item-icon-inner{color:#da251e;}<\/style><div class=\"vcex-list_item vcex-module wpex-m-0 wpex-max-w-100 wpex-mb-5 vcex_69e28ee30b5c3\"><a href=\"mailto:info&#064;flei&#116;a&#115;.c&#111;&#109;&#046;u&#121;\" class=\"vcex-list-item-link wpex-no-underline\"><div class=\"vcex-list-item-inner wpex-inline-flex wpex-flex-no-wrap\"><div class=\"vcex-list-item-icon wpex-mr-10\"><div class=\"vcex-list-item-icon-inner vcex-icon-wrap wpex-inline-flex wpex-justify-center wpex-items-center wpex-leading-none wpex-child-inherit-color\"><span class=\"wpex-icon--w vc-oi vc-oi-mail\" aria-hidden=\"true\"><\/span><\/div><\/div><div class=\"vcex-list-item-text vcex-content wpex-flex-grow\">&#105;&#110;&#102;&#111;&#64;f&#108;&#101;&#105;&#116;as.com&#46;&#117;&#121;<\/div><\/div><\/a><\/div><style>.vcex-list_item.vcex_69e28ee30ebef .vcex-list-item-icon-inner{color:#da251e;}<\/style><div class=\"vcex-list_item vcex-module wpex-m-0 wpex-max-w-100 wpex-mb-5 vcex_69e28ee30ebef\"><div class=\"vcex-list-item-inner wpex-inline-flex wpex-flex-no-wrap\"><div class=\"vcex-list-item-icon wpex-mr-10\"><div class=\"vcex-list-item-icon-inner vcex-icon-wrap wpex-inline-flex wpex-justify-center wpex-items-center wpex-leading-none wpex-child-inherit-color\"><span class=\"wpex-icon--w vc-oi vc-oi-clock\" aria-hidden=\"true\"><\/span><\/div><\/div><div class=\"vcex-list-item-text vcex-content wpex-flex-grow\">Monday to friday \u2013 9:00 am to 06:00 pm<\/div><\/div><\/div><style>.vcex-list_item.vcex_69e28ee30f9bf .vcex-list-item-icon-inner{color:#da251e;}<\/style><div class=\"vcex-list_item vcex-module wpex-m-0 wpex-max-w-100 wpex-mb-5 vcex_69e28ee30f9bf\"><a href=\"http:\/\/|||\" class=\"vcex-list-item-link wpex-no-underline\"><div class=\"vcex-list-item-inner wpex-inline-flex wpex-flex-no-wrap\"><div class=\"vcex-list-item-icon wpex-mr-10\"><div class=\"vcex-list-item-icon-inner vcex-icon-wrap wpex-inline-flex wpex-justify-center wpex-items-center wpex-leading-none wpex-child-inherit-color\"><span class=\"wpex-icon--w vc-oi vc-oi-location\" aria-hidden=\"true\"><\/span><\/div><\/div><div class=\"vcex-list-item-text vcex-content wpex-flex-grow\">Circunvalaci\u00f3n Durango 1429 5\u00b0F, C.P. 11000, Montevideo, Uruguay<\/div><\/div><\/a><\/div>[vc_empty_space height=&#8221;30px&#8221;][vc_column_text]Follow us on social media to keep up with our activities:[\/vc_column_text][vc_empty_space height=&#8221;30px&#8221;]<style>.vcex-social-links.vcex_69e28ee310885{font-size:20px;}.vcex-social-links.vcex_69e28ee310885 .vcex-social-links__item{height:40px;color:#da251e;}.vcex-social-links.vcex_69e28ee310885 .vcex-social-links__item:hover{color:#ffffff;background:#da251e;}<\/style><div class=\"vcex-social-links vcex-module wpex-flex wpex-flex-wrap wpex-social-btns vcex-social-btns wpex-items-center wpex-gap-5 wpex-last-mr-0 vcex_69e28ee310885\"><a href=\"https:\/\/www.facebook.com\/Abel-Fleitas-D%C3%ADaz-C%C3%ADa-Despachantes-de-Aduana-553754364759931\/\" class=\"vcex-social-links__item wpex-social-btn wpex-social-btn-no-style wpex-inline-flex wpex-flex-column wpex-items-center wpex-justify-center wpex-leading-none wpex-has-custom-color wpex-facebook\" target=\"_blank\" style=\"width:40px;\" rel=\"noopener noreferrer\"><span class=\"vcex-social-links__icon wpex-icon\" aria-hidden=\"true\"><svg xmlns=\"http:\/\/www.w3.org\/2000\/svg\" viewBox=\"0 0 512 512\"><path d=\"M512 256C512 114.6 397.4 0 256 0S0 114.6 0 256C0 376 82.7 476.8 194.2 504.5V334.2H141.4V256h52.8V222.3c0-87.1 39.4-127.5 125-127.5c16.2 0 44.2 3.2 55.7 6.4V172c-6-.6-16.5-1-29.6-1c-42 0-58.2 15.9-58.2 57.2V256h83.6l-14.4 78.2H287V510.1C413.8 494.8 512 386.9 512 256h0z\"\/><\/svg><\/span><span class=\"screen-reader-text\">Facebook<\/span><\/a><a href=\"https:\/\/www.linkedin.com\/company\/abel-fleitas-diaz\/\" class=\"vcex-social-links__item wpex-social-btn wpex-social-btn-no-style wpex-inline-flex wpex-flex-column wpex-items-center wpex-justify-center wpex-leading-none wpex-has-custom-color wpex-linkedin\" target=\"_blank\" style=\"width:40px;\" rel=\"noopener noreferrer\"><span class=\"vcex-social-links__icon wpex-icon\" aria-hidden=\"true\"><svg xmlns=\"http:\/\/www.w3.org\/2000\/svg\" viewBox=\"0 0 448 512\"><path d=\"M100.3 448H7.4V148.9h92.9zM53.8 108.1C24.1 108.1 0 83.5 0 53.8a53.8 53.8 0 0 1 107.6 0c0 29.7-24.1 54.3-53.8 54.3zM447.9 448h-92.7V302.4c0-34.7-.7-79.2-48.3-79.2-48.3 0-55.7 37.7-55.7 76.7V448h-92.8V148.9h89.1v40.8h1.3c12.4-23.5 42.7-48.3 87.9-48.3 94 0 111.3 61.9 111.3 142.3V448z\"\/><\/svg><\/span><span class=\"screen-reader-text\">LinkedIn<\/span><\/a><a href=\"https:\/\/www.instagram.com\/abelfleitasdiazcia\/\" class=\"vcex-social-links__item wpex-social-btn wpex-social-btn-no-style wpex-inline-flex wpex-flex-column wpex-items-center wpex-justify-center wpex-leading-none wpex-has-custom-color wpex-instagram\" target=\"_blank\" style=\"width:40px;\" rel=\"noopener noreferrer\"><span class=\"vcex-social-links__icon wpex-icon\" aria-hidden=\"true\"><svg xmlns=\"http:\/\/www.w3.org\/2000\/svg\" viewBox=\"0 0 448 512\"><path d=\"M224.1 141c-63.6 0-114.9 51.3-114.9 114.9s51.3 114.9 114.9 114.9S339 319.5 339 255.9 287.7 141 224.1 141zm0 189.6c-41.1 0-74.7-33.5-74.7-74.7s33.5-74.7 74.7-74.7 74.7 33.5 74.7 74.7-33.6 74.7-74.7 74.7zm146.4-194.3c0 14.9-12 26.8-26.8 26.8-14.9 0-26.8-12-26.8-26.8s12-26.8 26.8-26.8 26.8 12 26.8 26.8zm76.1 27.2c-1.7-35.9-9.9-67.7-36.2-93.9-26.2-26.2-58-34.4-93.9-36.2-37-2.1-147.9-2.1-184.9 0-35.8 1.7-67.6 9.9-93.9 36.1s-34.4 58-36.2 93.9c-2.1 37-2.1 147.9 0 184.9 1.7 35.9 9.9 67.7 36.2 93.9s58 34.4 93.9 36.2c37 2.1 147.9 2.1 184.9 0 35.9-1.7 67.7-9.9 93.9-36.2 26.2-26.2 34.4-58 36.2-93.9 2.1-37 2.1-147.8 0-184.8zM398.8 388c-7.8 19.6-22.9 34.7-42.6 42.6-29.5 11.7-99.5 9-132.1 9s-102.7 2.6-132.1-9c-19.6-7.8-34.7-22.9-42.6-42.6-11.7-29.5-9-99.5-9-132.1s-2.6-102.7 9-132.1c7.8-19.6 22.9-34.7 42.6-42.6 29.5-11.7 99.5-9 132.1-9s102.7-2.6 132.1 9c19.6 7.8 34.7 22.9 42.6 42.6 11.7 29.5 9 99.5 9 132.1s2.7 102.7-9 132.1z\"\/><\/svg><\/span><span class=\"screen-reader-text\">Instagram<\/span><\/a><\/div>[\/vc_column][vc_column width=&#8221;1\/2&#8243;]\n<div class=\"wpcf7 no-js\" id=\"wpcf7-f5-o1\" lang=\"es-ES\" dir=\"ltr\" data-wpcf7-id=\"5\">\n<div class=\"screen-reader-response\"><p role=\"status\" aria-live=\"polite\" aria-atomic=\"true\"><\/p> <ul><\/ul><\/div>\n<form action=\"\/en\/wp-json\/wp\/v2\/pages\/2073#wpcf7-f5-o1\" method=\"post\" class=\"wpcf7-form init\" aria-label=\"Formulario de contacto\" novalidate=\"novalidate\" data-status=\"init\">\n<fieldset class=\"hidden-fields-container\"><input type=\"hidden\" name=\"_wpcf7\" value=\"5\" \/><input type=\"hidden\" name=\"_wpcf7_version\" value=\"6.1.5\" \/><input type=\"hidden\" name=\"_wpcf7_locale\" value=\"es_ES\" \/><input type=\"hidden\" name=\"_wpcf7_unit_tag\" value=\"wpcf7-f5-o1\" \/><input type=\"hidden\" name=\"_wpcf7_container_post\" value=\"0\" \/><input type=\"hidden\" name=\"_wpcf7_posted_data_hash\" value=\"\" \/><input type=\"hidden\" name=\"_wpcf7_recaptcha_response\" value=\"\" \/>\n<\/fieldset>\n<div class=\"col-2\"><span class=\"wpcf7-form-control-wrap\" data-name=\"your-name\"><input size=\"40\" maxlength=\"400\" class=\"wpcf7-form-control wpcf7-text wpcf7-validates-as-required\" aria-required=\"true\" aria-invalid=\"false\" placeholder=\"Nombre\" value=\"\" type=\"text\" name=\"your-name\" \/><\/span><span class=\"wpcf7-form-control-wrap\" data-name=\"your-email\"><input size=\"40\" maxlength=\"400\" class=\"wpcf7-form-control wpcf7-email wpcf7-validates-as-required wpcf7-text wpcf7-validates-as-email\" aria-required=\"true\" aria-invalid=\"false\" placeholder=\"Email\" value=\"\" type=\"email\" name=\"your-email\" \/><\/span><\/div>\n<div class=\"col-1\"><span class=\"wpcf7-form-control-wrap\" data-name=\"your-message\"><textarea cols=\"10\" rows=\"10\" maxlength=\"2000\" class=\"wpcf7-form-control wpcf7-textarea wpcf7-validates-as-required\" aria-required=\"true\" aria-invalid=\"false\" placeholder=\"Mensaje\" name=\"your-message\"><\/textarea><\/span><\/div>\n<input class=\"wpcf7-form-control wpcf7-submit has-spinner\" type=\"submit\" value=\"Enviar mensaje\" \/><div class=\"wpcf7-response-output\" aria-hidden=\"true\"><\/div>\n<\/form>\n<\/div>\n[\/vc_column][\/vc_row][vc_row full_width=&#8221;stretch_row_content_no_spaces&#8221; remove_bottom_col_margin=&#8221;true&#8221; el_class=&#8221;mapa&#8221; css=&#8221;.vc_custom_1561654230409{background-color: #f2f2f2 !important;}&#8221;][vc_column][vc_gmaps link=&#8221;#E-8_JTNDaWZyYW1lJTIwc3JjJTNEJTIyaHR0cHMlM0ElMkYlMkZ3d3cuZ29vZ2xlLmNvbSUyRm1hcHMlMkZlbWJlZCUzRnBiJTNEJTIxMW0xOCUyMTFtMTIlMjExbTMlMjExZDMyNzEuOTU5NDExMzk0MjE0NCUyMTJkLTU2LjIxMDcyOTM4NDI5MTIlMjEzZC0zNC45MDc0NjgwODExNDEwMDUlMjEybTMlMjExZjAlMjEyZjAlMjEzZjAlMjEzbTIlMjExaTEwMjQlMjEyaTc2OCUyMTRmMTMuMSUyMTNtMyUyMTFtMiUyMTFzMHg5NTlmN2Y4MTVkNjQ0NzI5JTI1M0EweGNmMTc1NTNiMWEyNTg4MzIlMjEyc0FiZWwlMkJGbGVpdGFzJTJCRCUyNUMzJTI1QURheiUyQi0lMkJEZXNwYWNoYW50ZSUyQmRlJTJCQWR1YW5hJTIxNWUwJTIxM20yJTIxMXNlcy00MTklMjEyc3V5JTIxNHYxNTYxNjU0MTA2Njg2JTIxNW0yJTIxMXNlcy00MTklMjEyc3V5JTIyJTIwd2lkdGglM0QlMjIxMDAlMjUlMjIlMjBoZWlnaHQlM0QlMjI0MDAlMjIlMjBmcmFtZWJvcmRlciUzRCUyMjAlMjIlMjBzdHlsZSUzRCUyMmJvcmRlciUzQTAlMjIlMjBhbGxvd2Z1bGxzY3JlZW4lM0UlM0MlMkZpZnJhbWUlM0U=&#8221; size=&#8221;400px&#8221;][\/vc_column][\/vc_row]\n<\/div>","protected":false},"excerpt":{"rendered":"<p>[vc_row gap=&#8221;30&#8243; remove_bottom_col_margin=&#8221;true&#8221; css=&#8221;.vc_custom_1562004696231{padding-top: 85px !important;padding-bottom: 75px !important;}&#8221; el_class=&#8221;contacto&#8221;][vc_column width=&#8221;1\/2&#8243;][vc_empty_space height=&#8221;30px&#8221;][vc_column_text]Contact us using any of these means or complete the form to send us a message directly. We will reply within our office hours.[\/vc_column_text][vc_empty_space height=&#8221;30px&#8221;][vc_empty_space height=&#8221;30px&#8221;][vc_column_text]Follow us on social media to keep up with our activities:[\/vc_column_text][vc_empty_space height=&#8221;30px&#8221;][\/vc_column][vc_column width=&#8221;1\/2&#8243;][\/vc_column][\/vc_row][vc_row full_width=&#8221;stretch_row_content_no_spaces&#8221; remove_bottom_col_margin=&#8221;true&#8221; el_class=&#8221;mapa&#8221; css=&#8221;.vc_custom_1561654230409{background-color: #f2f2f2 !important;}&#8221;][vc_column][vc_gmaps link=&#8221;#E-8_JTNDaWZyYW1lJTIwc3JjJTNEJTIyaHR0cHMlM0ElMkYlMkZ3d3cuZ29vZ2xlLmNvbSUyRm1hcHMlMkZlbWJlZCUzRnBiJTNEJTIxMW0xOCUyMTFtMTIlMjExbTMlMjExZDMyNzEuOTU5NDExMzk0MjE0NCUyMTJkLTU2LjIxMDcyOTM4NDI5MTIlMjEzZC0zNC45MDc0NjgwODExNDEwMDUlMjEybTMlMjExZjAlMjEyZjAlMjEzZjAlMjEzbTIlMjExaTEwMjQlMjEyaTc2OCUyMTRmMTMuMSUyMTNtMyUyMTFtMiUyMTFzMHg5NTlmN2Y4MTVkNjQ0NzI5JTI1M0EweGNmMTc1NTNiMWEyNTg4MzIlMjEyc0FiZWwlMkJGbGVpdGFzJTJCRCUyNUMzJTI1QURheiUyQi0lMkJEZXNwYWNoYW50ZSUyQmRlJTJCQWR1YW5hJTIxNWUwJTIxM20yJTIxMXNlcy00MTklMjEyc3V5JTIxNHYxNTYxNjU0MTA2Njg2JTIxNW0yJTIxMXNlcy00MTklMjEyc3V5JTIyJTIwd2lkdGglM0QlMjIxMDAlMjUlMjIlMjBoZWlnaHQlM0QlMjI0MDAlMjIlMjBmcmFtZWJvcmRlciUzRCUyMjAlMjIlMjBzdHlsZSUzRCUyMmJvcmRlciUzQTAlMjIlMjBhbGxvd2Z1bGxzY3JlZW4lM0UlM0MlMkZpZnJhbWUlM0U=&#8221;&hellip;<\/p>\n","protected":false},"author":1,"featured_media":2087,"parent":0,"menu_order":0,"comment_status":"closed","ping_status":"closed","template":"templates\/no-sidebar.php","meta":{"inline_featured_image":false,"ngg_post_thumbnail":0,"footnotes":""},"class_list":["post-2073","page","type-page","status-publish","has-post-thumbnail","hentry","entry","has-media"],"yoast_head":"<!-- This site is optimized with the Yoast SEO plugin v27.4 - https:\/\/yoast.com\/product\/yoast-seo-wordpress\/ -->\n<title>Contact - Abel Fleitas D\u00edaz &amp; Cia. - Despachantes de Aduana en Uruguay<\/title>\n<meta name=\"description\" content=\"Contactanos por tel\u00e9fono al (+598) 2915 2986, por email a info@fleitas.com.uy, por nuestras redes sociales o visit\u00e1 nuestras oficinas en Montevideo.\" \/>\n<meta name=\"robots\" content=\"index, follow, max-snippet:-1, max-image-preview:large, max-video-preview:-1\" \/>\n<link rel=\"canonical\" href=\"https:\/\/fleitas.com.uy\/contacto\/\" \/>\n<meta property=\"og:locale\" content=\"en_US\" \/>\n<meta property=\"og:type\" content=\"article\" \/>\n<meta property=\"og:title\" content=\"Contact - Abel Fleitas D\u00edaz &amp; Cia. - Despachantes de Aduana en Uruguay\" \/>\n<meta property=\"og:description\" content=\"Contactanos por tel\u00e9fono al (+598) 2915 2986, por email a info@fleitas.com.uy, por nuestras redes sociales o visit\u00e1 nuestras oficinas en Montevideo.\" \/>\n<meta property=\"og:url\" content=\"https:\/\/fleitas.com.uy\/contacto\/\" \/>\n<meta property=\"og:site_name\" content=\"Abel Fleitas D\u00edaz &amp; Cia.\" \/>\n<meta property=\"article:publisher\" content=\"https:\/\/www.facebook.com\/Abel-Fleitas-D%c3%adaz-C%c3%ada-Despachantes-de-Aduana-553754364759931\/\" \/>\n<meta property=\"article:modified_time\" content=\"2026-02-24T17:48:39+00:00\" \/>\n<meta property=\"og:image\" content=\"https:\/\/fleitas.com.uy\/wp-content\/uploads\/2019\/07\/bg-titulo-contacto.jpg\" \/>\n\t<meta property=\"og:image:width\" content=\"1700\" \/>\n\t<meta property=\"og:image:height\" content=\"1133\" \/>\n\t<meta property=\"og:image:type\" content=\"image\/jpeg\" \/>\n<meta name=\"twitter:card\" content=\"summary_large_image\" \/>\n<meta name=\"twitter:label1\" content=\"Est. reading time\" \/>\n\t<meta name=\"twitter:data1\" content=\"1 minute\" \/>\n<script type=\"application\/ld+json\" class=\"yoast-schema-graph\">{\"@context\":\"https:\\\/\\\/schema.org\",\"@graph\":[{\"@type\":\"WebPage\",\"@id\":\"https:\\\/\\\/fleitas.com.uy\\\/contacto\\\/\",\"url\":\"https:\\\/\\\/fleitas.com.uy\\\/contacto\\\/\",\"name\":\"Contact - Abel Fleitas D\u00edaz &amp; Cia. - Despachantes de Aduana en Uruguay\",\"isPartOf\":{\"@id\":\"https:\\\/\\\/fleitas.com.uy\\\/#website\"},\"primaryImageOfPage\":{\"@id\":\"https:\\\/\\\/fleitas.com.uy\\\/contacto\\\/#primaryimage\"},\"image\":{\"@id\":\"https:\\\/\\\/fleitas.com.uy\\\/contacto\\\/#primaryimage\"},\"thumbnailUrl\":\"https:\\\/\\\/fleitas.com.uy\\\/wp-content\\\/uploads\\\/2019\\\/07\\\/bg-titulo-contacto.jpg\",\"datePublished\":\"2019-08-27T18:13:50+00:00\",\"dateModified\":\"2026-02-24T17:48:39+00:00\",\"description\":\"Contactanos por tel\u00e9fono al (+598) 2915 2986, por email a info@fleitas.com.uy, por nuestras redes sociales o visit\u00e1 nuestras oficinas en Montevideo.\",\"breadcrumb\":{\"@id\":\"https:\\\/\\\/fleitas.com.uy\\\/contacto\\\/#breadcrumb\"},\"inLanguage\":\"en-US\",\"potentialAction\":[{\"@type\":\"ReadAction\",\"target\":[\"https:\\\/\\\/fleitas.com.uy\\\/contacto\\\/\"]}]},{\"@type\":\"ImageObject\",\"inLanguage\":\"en-US\",\"@id\":\"https:\\\/\\\/fleitas.com.uy\\\/contacto\\\/#primaryimage\",\"url\":\"https:\\\/\\\/fleitas.com.uy\\\/wp-content\\\/uploads\\\/2019\\\/07\\\/bg-titulo-contacto.jpg\",\"contentUrl\":\"https:\\\/\\\/fleitas.com.uy\\\/wp-content\\\/uploads\\\/2019\\\/07\\\/bg-titulo-contacto.jpg\",\"width\":1700,\"height\":1133},{\"@type\":\"BreadcrumbList\",\"@id\":\"https:\\\/\\\/fleitas.com.uy\\\/contacto\\\/#breadcrumb\",\"itemListElement\":[{\"@type\":\"ListItem\",\"position\":1,\"name\":\"Inicio\",\"item\":\"https:\\\/\\\/fleitas.com.uy\\\/en\\\/\"},{\"@type\":\"ListItem\",\"position\":2,\"name\":\"Contact\"}]},{\"@type\":\"WebSite\",\"@id\":\"https:\\\/\\\/fleitas.com.uy\\\/#website\",\"url\":\"https:\\\/\\\/fleitas.com.uy\\\/\",\"name\":\"Abel Fleitas D\u00edaz &amp; Cia.\",\"description\":\"Despachantes de Aduana en Uruguay\",\"publisher\":{\"@id\":\"https:\\\/\\\/fleitas.com.uy\\\/#organization\"},\"potentialAction\":[{\"@type\":\"SearchAction\",\"target\":{\"@type\":\"EntryPoint\",\"urlTemplate\":\"https:\\\/\\\/fleitas.com.uy\\\/?s={search_term_string}\"},\"query-input\":{\"@type\":\"PropertyValueSpecification\",\"valueRequired\":true,\"valueName\":\"search_term_string\"}}],\"inLanguage\":\"en-US\"},{\"@type\":\"Organization\",\"@id\":\"https:\\\/\\\/fleitas.com.uy\\\/#organization\",\"name\":\"Abel Fleitas D\u00edaz & Cia.\",\"url\":\"https:\\\/\\\/fleitas.com.uy\\\/\",\"logo\":{\"@type\":\"ImageObject\",\"inLanguage\":\"en-US\",\"@id\":\"https:\\\/\\\/fleitas.com.uy\\\/#\\\/schema\\\/logo\\\/image\\\/\",\"url\":\"https:\\\/\\\/fleitas.com.uy\\\/wp-content\\\/uploads\\\/2019\\\/08\\\/logo-fleitas-nr.svg\",\"contentUrl\":\"https:\\\/\\\/fleitas.com.uy\\\/wp-content\\\/uploads\\\/2019\\\/08\\\/logo-fleitas-nr.svg\",\"width\":1,\"height\":1,\"caption\":\"Abel Fleitas D\u00edaz & Cia.\"},\"image\":{\"@id\":\"https:\\\/\\\/fleitas.com.uy\\\/#\\\/schema\\\/logo\\\/image\\\/\"},\"sameAs\":[\"https:\\\/\\\/www.facebook.com\\\/Abel-Fleitas-D\u00edaz-C\u00eda-Despachantes-de-Aduana-553754364759931\\\/\",\"https:\\\/\\\/www.linkedin.com\\\/company\\\/abel-fleitas-diaz-&amp;-c\u00eda-\u2013-despachante-de-aduana-uruguay\"]}]}<\/script>\n<!-- \/ Yoast SEO plugin. -->","yoast_head_json":{"title":"Contact - Abel Fleitas D\u00edaz &amp; Cia. - Despachantes de Aduana en Uruguay","description":"Contactanos por tel\u00e9fono al (+598) 2915 2986, por email a info@fleitas.com.uy, por nuestras redes sociales o visit\u00e1 nuestras oficinas en Montevideo.","robots":{"index":"index","follow":"follow","max-snippet":"max-snippet:-1","max-image-preview":"max-image-preview:large","max-video-preview":"max-video-preview:-1"},"canonical":"https:\/\/fleitas.com.uy\/contacto\/","og_locale":"en_US","og_type":"article","og_title":"Contact - Abel Fleitas D\u00edaz &amp; Cia. - Despachantes de Aduana en Uruguay","og_description":"Contactanos por tel\u00e9fono al (+598) 2915 2986, por email a info@fleitas.com.uy, por nuestras redes sociales o visit\u00e1 nuestras oficinas en Montevideo.","og_url":"https:\/\/fleitas.com.uy\/contacto\/","og_site_name":"Abel Fleitas D\u00edaz &amp; Cia.","article_publisher":"https:\/\/www.facebook.com\/Abel-Fleitas-D%c3%adaz-C%c3%ada-Despachantes-de-Aduana-553754364759931\/","article_modified_time":"2026-02-24T17:48:39+00:00","og_image":[{"width":1700,"height":1133,"url":"https:\/\/fleitas.com.uy\/wp-content\/uploads\/2019\/07\/bg-titulo-contacto.jpg","type":"image\/jpeg"}],"twitter_card":"summary_large_image","twitter_misc":{"Est. reading time":"1 minute"},"schema":{"@context":"https:\/\/schema.org","@graph":[{"@type":"WebPage","@id":"https:\/\/fleitas.com.uy\/contacto\/","url":"https:\/\/fleitas.com.uy\/contacto\/","name":"Contact - Abel Fleitas D\u00edaz &amp; Cia. - Despachantes de Aduana en Uruguay","isPartOf":{"@id":"https:\/\/fleitas.com.uy\/#website"},"primaryImageOfPage":{"@id":"https:\/\/fleitas.com.uy\/contacto\/#primaryimage"},"image":{"@id":"https:\/\/fleitas.com.uy\/contacto\/#primaryimage"},"thumbnailUrl":"https:\/\/fleitas.com.uy\/wp-content\/uploads\/2019\/07\/bg-titulo-contacto.jpg","datePublished":"2019-08-27T18:13:50+00:00","dateModified":"2026-02-24T17:48:39+00:00","description":"Contactanos por tel\u00e9fono al (+598) 2915 2986, por email a info@fleitas.com.uy, por nuestras redes sociales o visit\u00e1 nuestras oficinas en Montevideo.","breadcrumb":{"@id":"https:\/\/fleitas.com.uy\/contacto\/#breadcrumb"},"inLanguage":"en-US","potentialAction":[{"@type":"ReadAction","target":["https:\/\/fleitas.com.uy\/contacto\/"]}]},{"@type":"ImageObject","inLanguage":"en-US","@id":"https:\/\/fleitas.com.uy\/contacto\/#primaryimage","url":"https:\/\/fleitas.com.uy\/wp-content\/uploads\/2019\/07\/bg-titulo-contacto.jpg","contentUrl":"https:\/\/fleitas.com.uy\/wp-content\/uploads\/2019\/07\/bg-titulo-contacto.jpg","width":1700,"height":1133},{"@type":"BreadcrumbList","@id":"https:\/\/fleitas.com.uy\/contacto\/#breadcrumb","itemListElement":[{"@type":"ListItem","position":1,"name":"Inicio","item":"https:\/\/fleitas.com.uy\/en\/"},{"@type":"ListItem","position":2,"name":"Contact"}]},{"@type":"WebSite","@id":"https:\/\/fleitas.com.uy\/#website","url":"https:\/\/fleitas.com.uy\/","name":"Abel Fleitas D\u00edaz &amp; Cia.","description":"Despachantes de Aduana en Uruguay","publisher":{"@id":"https:\/\/fleitas.com.uy\/#organization"},"potentialAction":[{"@type":"SearchAction","target":{"@type":"EntryPoint","urlTemplate":"https:\/\/fleitas.com.uy\/?s={search_term_string}"},"query-input":{"@type":"PropertyValueSpecification","valueRequired":true,"valueName":"search_term_string"}}],"inLanguage":"en-US"},{"@type":"Organization","@id":"https:\/\/fleitas.com.uy\/#organization","name":"Abel Fleitas D\u00edaz & Cia.","url":"https:\/\/fleitas.com.uy\/","logo":{"@type":"ImageObject","inLanguage":"en-US","@id":"https:\/\/fleitas.com.uy\/#\/schema\/logo\/image\/","url":"https:\/\/fleitas.com.uy\/wp-content\/uploads\/2019\/08\/logo-fleitas-nr.svg","contentUrl":"https:\/\/fleitas.com.uy\/wp-content\/uploads\/2019\/08\/logo-fleitas-nr.svg","width":1,"height":1,"caption":"Abel Fleitas D\u00edaz & Cia."},"image":{"@id":"https:\/\/fleitas.com.uy\/#\/schema\/logo\/image\/"},"sameAs":["https:\/\/www.facebook.com\/Abel-Fleitas-D\u00edaz-C\u00eda-Despachantes-de-Aduana-553754364759931\/","https:\/\/www.linkedin.com\/company\/abel-fleitas-diaz-&amp;-c\u00eda-\u2013-despachante-de-aduana-uruguay"]}]}},"_links":{"self":[{"href":"https:\/\/fleitas.com.uy\/en\/wp-json\/wp\/v2\/pages\/2073","targetHints":{"allow":["GET"]}}],"collection":[{"href":"https:\/\/fleitas.com.uy\/en\/wp-json\/wp\/v2\/pages"}],"about":[{"href":"https:\/\/fleitas.com.uy\/en\/wp-json\/wp\/v2\/types\/page"}],"author":[{"embeddable":true,"href":"https:\/\/fleitas.com.uy\/en\/wp-json\/wp\/v2\/users\/1"}],"replies":[{"embeddable":true,"href":"https:\/\/fleitas.com.uy\/en\/wp-json\/wp\/v2\/comments?post=2073"}],"version-history":[{"count":8,"href":"https:\/\/fleitas.com.uy\/en\/wp-json\/wp\/v2\/pages\/2073\/revisions"}],"predecessor-version":[{"id":4340,"href":"https:\/\/fleitas.com.uy\/en\/wp-json\/wp\/v2\/pages\/2073\/revisions\/4340"}],"wp:featuredmedia":[{"embeddable":true,"href":"https:\/\/fleitas.com.uy\/en\/wp-json\/wp\/v2\/media\/2087"}],"wp:attachment":[{"href":"https:\/\/fleitas.com.uy\/en\/wp-json\/wp\/v2\/media?parent=2073"}],"curies":[{"name":"wp","href":"https:\/\/api.w.org\/{rel}","templated":true}]}}